{"id":11,"date":"2025-08-27T18:07:46","date_gmt":"2025-08-27T18:07:46","guid":{"rendered":"https:\/\/edu-profit.pl\/wp\/?page_id=11"},"modified":"2025-08-27T18:07:46","modified_gmt":"2025-08-27T18:07:46","slug":"dlaczego-my","status":"publish","type":"page","link":"https:\/\/edu-profit.pl\/wp\/dlaczego-my\/","title":{"rendered":"Dlaczego my?"},"content":{"rendered":"\n<div class=\"wp-block-group responsive-spacing has-accent-5-background-color has-background has-global-padding is-layout-constrained wp-container-core-group-is-layout-d4a3ff7d wp-block-group-is-layout-constrained\" style=\"margin-top:0;margin-bottom:0;padding-top:80px;padding-right:20px;padding-bottom:80px;padding-left:20px\">\n<div class=\"wp-block-group title-spacing has-global-padding is-layout-constrained wp-block-group-is-layout-constrained\" style=\"margin-bottom:60px\">\n<p class=\"has-text-align-center has-primary-color has-text-color has-link-color wp-elements-1ffde2004f2c889b2de702c4f80de9b2\" style=\"margin-top:0;margin-bottom:0\">Bo nie pomagamy \u201ena og\u00f3\u0142\u201d jak wi\u0119kszo\u015b\u0107 &#8211; skupiamy si\u0119 tylko na tym w czym jeste\u015bmy skuteczni.<\/p>\n\n\n\n<h2 class=\"wp-block-heading has-text-align-center\" style=\"margin-top:0;margin-bottom:0;font-size:clamp(25.5px, 1.594rem + ((1vw - 3.2px) * 1.716), 43px);line-height:1\">Prowadzimy Ci\u0119 do wyniku \u2013 krok po kroku, bez zb\u0119dnych s\u0142\u00f3w.<\/h2>\n<\/div>\n\n\n\n<div class=\"wp-block-group is-layout-grid wp-container-core-group-is-layout-df4581a5 wp-block-group-is-layout-grid\">\n<div class=\"wp-block-group has-global-padding is-layout-constrained wp-container-core-group-is-layout-c06d165c wp-block-group-is-layout-constrained\" style=\"border-radius:10px;padding-top:0;padding-right:0;padding-bottom:0;padding-left:0;box-shadow:none\">\n<div class=\"wp-block-cover is-light responsive-cover has-global-padding is-layout-constrained wp-block-cover-is-layout-constrained\" style=\"border-radius:10px;min-height:300px;aspect-ratio:unset;\"><img fetchpriority=\"high\" decoding=\"async\" width=\"1600\" height=\"896\" class=\"wp-block-cover__image-background wp-image-93 size-full\" alt=\"\" src=\"https:\/\/edu-profit.pl\/wp\/wp-content\/uploads\/2025\/08\/Nie-jestesmy-kolejna-firma-doradcza-ktora-sprzedaje-ogolne-porady.jpg\" data-object-fit=\"cover\" srcset=\"https:\/\/edu-profit.pl\/wp\/wp-content\/uploads\/2025\/08\/Nie-jestesmy-kolejna-firma-doradcza-ktora-sprzedaje-ogolne-porady.jpg 1600w, https:\/\/edu-profit.pl\/wp\/wp-content\/uploads\/2025\/08\/Nie-jestesmy-kolejna-firma-doradcza-ktora-sprzedaje-ogolne-porady-300x168.jpg 300w, https:\/\/edu-profit.pl\/wp\/wp-content\/uploads\/2025\/08\/Nie-jestesmy-kolejna-firma-doradcza-ktora-sprzedaje-ogolne-porady-1024x573.jpg 1024w, https:\/\/edu-profit.pl\/wp\/wp-content\/uploads\/2025\/08\/Nie-jestesmy-kolejna-firma-doradcza-ktora-sprzedaje-ogolne-porady-768x430.jpg 768w, https:\/\/edu-profit.pl\/wp\/wp-content\/uploads\/2025\/08\/Nie-jestesmy-kolejna-firma-doradcza-ktora-sprzedaje-ogolne-porady-1536x860.jpg 1536w\" sizes=\"(max-width: 1600px) 100vw, 1600px\" \/><span aria-hidden=\"true\" class=\"wp-block-cover__background has-background-dim-0 has-background-dim\"><\/span><div class=\"wp-block-cover__inner-container\"><\/div><\/div>\n\n\n\n<div class=\"wp-block-group has-global-padding is-layout-constrained wp-container-core-group-is-layout-2a27dd81 wp-block-group-is-layout-constrained\" style=\"margin-top:0;margin-bottom:0;padding-top:20px;padding-right:0px;padding-bottom:20px;padding-left:0px\">\n<h3 class=\"wp-block-heading has-raleway-font-family\" style=\"font-size:clamp(14.642px, 0.915rem + ((1vw - 3.2px) * 0.721), 22px);font-style:normal;font-weight:600\">Nie jeste\u015bmy kolejn\u0105 firm\u0105 doradcz\u0105, kt\u00f3ra sprzedaje og\u00f3lne porady.<\/h3>\n\n\n\n<p class=\"has-link-color-color has-text-color has-link-color wp-elements-d41a44c84bfd6d932cbbd11935656a31\">Jeste\u015bmy zespo\u0142em, kt\u00f3ry <strong>od lat specjalizuje si\u0119 wy\u0142\u0105cznie w instytucjach szkoleniowych<\/strong> \u2013 od rejestracji, przez certyfikacj\u0119, po pierwsze szkolenia z dofinansowaniem.<\/p>\n\n\n\n<p class=\"has-link-color-color has-text-color has-link-color wp-elements-33e0f22abc3408707c9ee13b66226a51\">I nie opowiadamy, jak to zrobi\u0107.<br>Pokazujemy.<br>I pomagamy zrobi\u0107.<\/p>\n<\/div>\n<\/div>\n\n\n\n<div class=\"wp-block-group has-global-padding is-layout-constrained wp-container-core-group-is-layout-c06d165c wp-block-group-is-layout-constrained\" style=\"border-radius:10px;padding-top:0;padding-right:0;padding-bottom:0;padding-left:0;box-shadow:none\">\n<div class=\"wp-block-cover responsive-cover has-global-padding is-layout-constrained wp-block-cover-is-layout-constrained\" style=\"border-radius:10px;min-height:300px;aspect-ratio:unset;\"><img decoding=\"async\" width=\"1600\" height=\"896\" class=\"wp-block-cover__image-background wp-image-94 size-full\" alt=\"\" src=\"https:\/\/edu-profit.pl\/wp\/wp-content\/uploads\/2025\/08\/Wiemy-jak-to-dziala-\u2013-bo-to-robimy-codziennie.jpg\" data-object-fit=\"cover\" srcset=\"https:\/\/edu-profit.pl\/wp\/wp-content\/uploads\/2025\/08\/Wiemy-jak-to-dziala-\u2013-bo-to-robimy-codziennie.jpg 1600w, https:\/\/edu-profit.pl\/wp\/wp-content\/uploads\/2025\/08\/Wiemy-jak-to-dziala-\u2013-bo-to-robimy-codziennie-300x168.jpg 300w, https:\/\/edu-profit.pl\/wp\/wp-content\/uploads\/2025\/08\/Wiemy-jak-to-dziala-\u2013-bo-to-robimy-codziennie-1024x573.jpg 1024w, https:\/\/edu-profit.pl\/wp\/wp-content\/uploads\/2025\/08\/Wiemy-jak-to-dziala-\u2013-bo-to-robimy-codziennie-768x430.jpg 768w, https:\/\/edu-profit.pl\/wp\/wp-content\/uploads\/2025\/08\/Wiemy-jak-to-dziala-\u2013-bo-to-robimy-codziennie-1536x860.jpg 1536w\" sizes=\"(max-width: 1600px) 100vw, 1600px\" \/><span aria-hidden=\"true\" class=\"wp-block-cover__background has-background-dim-0 has-background-dim\" style=\"background-color:#534942\"><\/span><div class=\"wp-block-cover__inner-container\"><\/div><\/div>\n\n\n\n<div class=\"wp-block-group has-global-padding is-layout-constrained wp-container-core-group-is-layout-2a27dd81 wp-block-group-is-layout-constrained\" style=\"margin-top:0;margin-bottom:0;padding-top:20px;padding-right:0px;padding-bottom:20px;padding-left:0px\">\n<h3 class=\"wp-block-heading has-raleway-font-family\" style=\"font-size:clamp(14.642px, 0.915rem + ((1vw - 3.2px) * 0.721), 22px);font-style:normal;font-weight:600\">Wiemy, jak to dzia\u0142a \u2013 bo to robimy codziennie<\/h3>\n\n\n\n<p class=\"has-link-color-color has-text-color has-link-color wp-elements-0067896612bd64f34b2e201798e67286\">Wsp\u00f3\u0142pracowali\u015bmy z trenerami, freelancerami, doradcami \u2013 lud\u017ami, kt\u00f3rzy nie chcieli by\u0107 \u201ekolejnym szkoleniowcem\u201d, tylko <strong>w\u0142asnym pracodawc\u0105 z mark\u0105, statusami i dost\u0119pem do dotacji<\/strong>.<\/p>\n\n\n\n<p>Znamy pu\u0142apki. Znamy b\u0142\u0119dy.<br>Znamy spos\u00f3b, by ich unikn\u0105\u0107.<\/p>\n\n\n\n<p class=\"has-link-color-color has-text-color has-link-color wp-elements-52c6d1b24fcd7c9433fca97031c42b7b\">I dzielimy si\u0119 tym \u2013 bez \u017cadnych tajemnic<\/p>\n<\/div>\n<\/div>\n\n\n\n<div class=\"wp-block-group has-global-padding is-layout-constrained wp-container-core-group-is-layout-c06d165c wp-block-group-is-layout-constrained\" style=\"border-radius:10px;padding-top:0;padding-right:0;padding-bottom:0;padding-left:0;box-shadow:none\">\n<div class=\"wp-block-cover is-light responsive-cover has-global-padding is-layout-constrained wp-block-cover-is-layout-constrained\" style=\"border-radius:10px;min-height:300px;aspect-ratio:unset;\"><img decoding=\"async\" class=\"wp-block-cover__image-background wp-image-1007 size-full\" alt=\"\" src=\"https:\/\/edu-profit.pl\/wp\/wp-content\/themes\/clickgrove\/assets\/images\/cover.jpg\" data-object-fit=\"cover\"\/><span aria-hidden=\"true\" class=\"wp-block-cover__background has-background-dim-0 has-background-dim\" style=\"background-color:#6899a6\"><\/span><div class=\"wp-block-cover__inner-container\"><\/div><\/div>\n\n\n\n<div class=\"wp-block-group has-global-padding is-layout-constrained wp-container-core-group-is-layout-2a27dd81 wp-block-group-is-layout-constrained\" style=\"margin-top:0;margin-bottom:0;padding-top:20px;padding-right:0px;padding-bottom:20px;padding-left:0px\">\n<h3 class=\"wp-block-heading has-raleway-font-family\" style=\"font-size:clamp(14.642px, 0.915rem + ((1vw - 3.2px) * 0.721), 22px);font-style:normal;font-weight:600\">Nie dajemy og\u00f3lnik\u00f3w. Dajemy gotowy system<\/h3>\n\n\n\n<p class=\"has-link-color-color has-text-color has-link-color wp-elements-e775f48f523ef912f4b39fe686a56ed1\">Nie otrzymasz ebooka z 20 stronami teorii.<br>Otrzymasz:<\/p>\n\n\n\n<p class=\"has-link-color-color has-text-color has-link-color wp-elements-734e2da46c4b524495db2514836c11a3\">\u2705 <strong>Gotowy plan dzia\u0142ania<\/strong> <\/p>\n\n\n\n<p class=\"has-link-color-color has-text-color has-link-color wp-elements-22d616d711552652ad41b18de10ecc5f\">\u2705 <strong>Wsparcie merytoryczne i administracyjne<\/strong><\/p>\n\n\n\n<p class=\"has-link-color-color has-text-color has-link-color wp-elements-5e5711b988662e9a916411880f6d5909\">\u2705 <strong>24 miesi\u0105ce konkret\u00f3w &#8211; bez owijania<\/strong><\/p>\n<\/div>\n<\/div>\n<\/div>\n\n\n\n<div class=\"wp-block-group is-layout-grid wp-container-core-group-is-layout-df4581a5 wp-block-group-is-layout-grid\">\n<div class=\"wp-block-group has-global-padding is-layout-constrained wp-container-core-group-is-layout-c06d165c wp-block-group-is-layout-constrained\" style=\"border-radius:10px;padding-top:0;padding-right:0;padding-bottom:0;padding-left:0;box-shadow:none\">\n<div class=\"wp-block-cover is-light responsive-cover has-global-padding is-layout-constrained wp-block-cover-is-layout-constrained\" style=\"border-radius:10px;min-height:300px;aspect-ratio:unset;\"><img decoding=\"async\" class=\"wp-block-cover__image-background wp-image-858 size-full\" alt=\"\" src=\"https:\/\/edu-profit.pl\/wp\/wp-content\/themes\/clickgrove\/assets\/images\/banner.jpg\" data-object-fit=\"cover\"\/><span aria-hidden=\"true\" class=\"wp-block-cover__background has-background-dim-0 has-background-dim\"><\/span><div class=\"wp-block-cover__inner-container\"><\/div><\/div>\n\n\n\n<div class=\"wp-block-group has-global-padding is-layout-constrained wp-container-core-group-is-layout-2a27dd81 wp-block-group-is-layout-constrained\" style=\"margin-top:0;margin-bottom:0;padding-top:20px;padding-right:0px;padding-bottom:20px;padding-left:0px\">\n<h3 class=\"wp-block-heading has-raleway-font-family\" style=\"font-size:clamp(14.642px, 0.915rem + ((1vw - 3.2px) * 0.721), 22px);font-style:normal;font-weight:600\">Nie ko\u0144czymy pracy po rejestracji<\/h3>\n\n\n\n<p class=\"has-link-color-color has-text-color has-link-color wp-elements-69fbbb7723dfee52e4e410bc9b69559a\">Wiele firm m\u00f3wi: \u201eZarejestrowali\u015bmy Ci\u0119 \u2013 sukces!\u201d.<br>A potem\u2026 cisza.<\/p>\n\n\n\n<p class=\"has-link-color-color has-text-color has-link-color wp-elements-f9fc331a15a320cdfd609a5a16e4a717\">My nie.<\/p>\n\n\n\n<p class=\"has-link-color-color has-text-color has-link-color wp-elements-81cb0682aad90fc45621219fb1a95524\"><br>Pomagamy nie tylko <strong>za\u0142o\u017cy\u0107 instytucj\u0119<\/strong> \u2013 ale te\u017c <strong>j\u0105 uruchomi\u0107<\/strong>. I na tym nie koniec. Pomagamy te\u017c odnie\u015b\u0107 Ci sukces &#8211; od pierwszych szkole\u0144 po ko\u0144cowe rozliczenia dotacji.<\/p>\n<\/div>\n<\/div>\n\n\n\n<div class=\"wp-block-group has-global-padding is-layout-constrained wp-container-core-group-is-layout-c06d165c wp-block-group-is-layout-constrained\" style=\"border-radius:10px;padding-top:0;padding-right:0;padding-bottom:0;padding-left:0;box-shadow:none\">\n<div class=\"wp-block-cover is-light responsive-cover\" style=\"border-radius:10px;min-height:300px;aspect-ratio:unset;\"><img decoding=\"async\" class=\"wp-block-cover__image-background wp-image-22 size-full\" alt=\"\" src=\"https:\/\/edu-profit.pl\/wp\/wp-content\/themes\/clickgrove\/assets\/images\/banner-3.jpg\" data-object-fit=\"cover\"\/><span aria-hidden=\"true\" class=\"wp-block-cover__background has-background-dim-0 has-background-dim\" style=\"background-color:#877e7f\"><\/span><div class=\"wp-block-cover__inner-container has-global-padding is-layout-constrained wp-block-cover-is-layout-constrained\">\n<p><\/p>\n<\/div><\/div>\n\n\n\n<div class=\"wp-block-group has-global-padding is-layout-constrained wp-container-core-group-is-layout-2a27dd81 wp-block-group-is-layout-constrained\" style=\"margin-top:0;margin-bottom:0;padding-top:20px;padding-right:0px;padding-bottom:20px;padding-left:0px\">\n<h3 class=\"wp-block-heading has-raleway-font-family\" style=\"font-size:clamp(14.642px, 0.915rem + ((1vw - 3.2px) * 0.721), 22px);font-style:normal;font-weight:600\">Specjalizacja to nasza si\u0142a<\/h3>\n\n\n\n<p class=\"has-link-color-color has-text-color has-link-color wp-elements-2992ab93e131450a95f7cb4ff629f2d1\">Nie zajmujemy si\u0119 ksi\u0119gami, HR-em, marketingiem og\u00f3lnie.<br><strong>Zajmujemy si\u0119 tylko jednym: instytucjami szkoleniowymi.<\/strong><\/p>\n\n\n\n<p>I w\u0142a\u015bnie dlatego:<\/p>\n\n\n\n<ul class=\"wp-block-list\">\n<li>Znamy aktualne wymagania MRiPS i urz\u0119d\u00f3w pracy<\/li>\n\n\n\n<li>Wiemy, kt\u00f3re programy dotacyjne s\u0105 teraz aktywne<\/li>\n\n\n\n<li>Rozumiemy, czego szukaj\u0105 instytucje publiczne<\/li>\n<\/ul>\n\n\n\n<p class=\"has-link-color-color has-text-color has-link-color wp-elements-b5d6ac790d444da6e4ff621de5fdc2ea\">To nie r\u00f3\u017cnica szczeg\u00f3\u0142u.<br>To r\u00f3\u017cnica <strong>eksperta i og\u00f3lnika<\/strong>.<\/p>\n<\/div>\n<\/div>\n\n\n\n<div class=\"wp-block-group has-global-padding is-layout-constrained wp-container-core-group-is-layout-c06d165c wp-block-group-is-layout-constrained\" style=\"border-radius:10px;padding-top:0;padding-right:0;padding-bottom:0;padding-left:0;box-shadow:none\">\n<div class=\"wp-block-cover responsive-cover has-global-padding is-layout-constrained wp-block-cover-is-layout-constrained\" style=\"border-radius:10px;min-height:300px;aspect-ratio:unset;\"><img decoding=\"async\" width=\"1600\" height=\"896\" class=\"wp-block-cover__image-background wp-image-95 size-full\" alt=\"\" src=\"https:\/\/edu-profit.pl\/wp\/wp-content\/uploads\/2025\/08\/osoba-spokojnie-pijaca-kawe-i-sie-relaksuje.jpg\" data-object-fit=\"cover\" srcset=\"https:\/\/edu-profit.pl\/wp\/wp-content\/uploads\/2025\/08\/osoba-spokojnie-pijaca-kawe-i-sie-relaksuje.jpg 1600w, https:\/\/edu-profit.pl\/wp\/wp-content\/uploads\/2025\/08\/osoba-spokojnie-pijaca-kawe-i-sie-relaksuje-300x168.jpg 300w, https:\/\/edu-profit.pl\/wp\/wp-content\/uploads\/2025\/08\/osoba-spokojnie-pijaca-kawe-i-sie-relaksuje-1024x573.jpg 1024w, https:\/\/edu-profit.pl\/wp\/wp-content\/uploads\/2025\/08\/osoba-spokojnie-pijaca-kawe-i-sie-relaksuje-768x430.jpg 768w, https:\/\/edu-profit.pl\/wp\/wp-content\/uploads\/2025\/08\/osoba-spokojnie-pijaca-kawe-i-sie-relaksuje-1536x860.jpg 1536w\" sizes=\"(max-width: 1600px) 100vw, 1600px\" \/><span aria-hidden=\"true\" class=\"wp-block-cover__background has-background-dim-0 has-background-dim\" style=\"background-color:#776d5e\"><\/span><div class=\"wp-block-cover__inner-container\"><\/div><\/div>\n\n\n\n<div class=\"wp-block-group has-global-padding is-layout-constrained wp-container-core-group-is-layout-2a27dd81 wp-block-group-is-layout-constrained\" style=\"margin-top:0;margin-bottom:0;padding-top:20px;padding-right:0px;padding-bottom:20px;padding-left:0px\">\n<h3 class=\"wp-block-heading has-raleway-font-family\" style=\"font-size:clamp(14.642px, 0.915rem + ((1vw - 3.2px) * 0.721), 22px);font-style:normal;font-weight:600\">Wynik? Tw\u00f3j czas i spok\u00f3j<\/h3>\n\n\n\n<p class=\"has-link-color-color has-text-color has-link-color wp-elements-426e04096b191e850a8f71a33447e603\">Klienci, kt\u00f3rzy pracuj\u0105 z nami:<\/p>\n\n\n\n<ul class=\"wp-block-list\">\n<li>Uruchamiaj\u0105 instytucj\u0119 \u015brednio w <strong>4\u20136 tygodni<\/strong><\/li>\n\n\n\n<li>Zdobywaj\u0105 status certyfikowany w <strong>ponad 95% przypadk\u00f3w<\/strong><\/li>\n\n\n\n<li>Prowadz\u0105 pierwsze szkolenia z dofinansowaniem <strong>w ci\u0105gu 2\u20133 miesi\u0119cy<\/strong><\/li>\n<\/ul>\n\n\n\n<p class=\"has-link-color-color has-text-color has-link-color wp-elements-2536582b8a1aac2e359943e4ea9a1b0d\">Nie trac\u0105 miesi\u0119cy na poszukiwanie informacji.<br>Nie pope\u0142niaj\u0105 b\u0142\u0119d\u00f3w, kt\u00f3re kosztuj\u0105 czas i pieni\u0105dze.<br>Po prostu \u2013 <strong>zaczynaj\u0105 dzia\u0142a\u0107<\/strong>.<\/p>\n<\/div>\n<\/div>\n<\/div>\n\n\n\n<h3 class=\"wp-block-heading has-text-align-center\"><mark style=\"background-color:rgba(0, 0, 0, 0)\" class=\"has-inline-color has-button-hover-color-color\">A Ty?<\/mark><\/h3>\n\n\n\n<p class=\"has-text-align-center\"><em><strong>Je\u015bli szukasz kogo\u015b, kto:<\/strong><\/em><\/p>\n\n\n\n<p class=\"has-text-align-center\">&#8211; Nie b\u0119dzie m\u00f3wi\u0107 \u201emo\u017ce\u201d <\/p>\n\n\n\n<p class=\"has-text-align-center\">&#8211; Nie sprzedaje og\u00f3lnik\u00f3w <\/p>\n\n\n\n<p class=\"has-text-align-center\">&#8211; Ma gotowy system dzia\u0142ania <\/p>\n\n\n\n<ul class=\"wp-block-list\"><\/ul>\n\n\n\n<p class=\"has-text-align-center\"><strong><em><mark style=\"background-color:rgba(0, 0, 0, 0)\" class=\"has-inline-color has-accent-3-color\">to trafi\u0142e\u015b we w\u0142a\u015bciwe miejsce.<\/mark><\/em><\/strong><\/p>\n\n\n\n<p class=\"has-text-align-center\">Nie krzyczymy.<br>Nie obiecujemy nierealnych zysk\u00f3w.<br>Po prostu \u2013 <strong><mark style=\"background-color:rgba(0, 0, 0, 0)\" class=\"has-inline-color has-button-hover-color-color\">wiemy, jak to zrobi\u0107. I pomagamy to zrobi\u0107 Tobie<\/mark><\/strong><\/p>\n<\/div>\n","protected":false},"excerpt":{"rendered":"<p>Bo nie pomagamy \u201ena og\u00f3\u0142\u201d jak wi\u0119kszo\u015b\u0107 &#8211; skupiamy si\u0119 tylko na tym w czym jeste\u015bmy skuteczni. Prowadzimy Ci\u0119 do wyniku \u2013 krok po kroku, bez zb\u0119dnych s\u0142\u00f3w. Nie jeste\u015bmy [&hellip;]<\/p>\n","protected":false},"author":1,"featured_media":0,"parent":0,"menu_order":0,"comment_status":"closed","ping_status":"closed","template":"","meta":{"_monsterinsights_skip_tracking":false,"_monsterinsights_sitenote_active":false,"_monsterinsights_sitenote_note":"","_monsterinsights_sitenote_category":0,"_EventAllDay":false,"_EventTimezone":"","_EventStartDate":"","_EventEndDate":"","_EventStartDateUTC":"","_EventEndDateUTC":"","_EventShowMap":false,"_EventShowMapLink":false,"_EventURL":"","_EventCost":"","_EventCostDescription":"","_EventCurrencySymbol":"","_EventCurrencyCode":"","_EventCurrencyPosition":"","_EventDateTimeSeparator":"","_EventTimeRangeSeparator":"","_EventOrganizerID":[],"_EventVenueID":[],"_OrganizerEmail":"","_OrganizerPhone":"","_OrganizerWebsite":"","_VenueAddress":"","_VenueCity":"","_VenueCountry":"","_VenueProvince":"","_VenueState":"","_VenueZip":"","_VenuePhone":"","_VenueURL":"","_VenueStateProvince":"","_VenueLat":"","_VenueLng":"","_VenueShowMap":false,"_VenueShowMapLink":false,"footnotes":""},"class_list":["post-11","page","type-page","status-publish","hentry"],"_links":{"self":[{"href":"https:\/\/edu-profit.pl\/wp\/wp-json\/wp\/v2\/pages\/11","targetHints":{"allow":["GET"]}}],"collection":[{"href":"https:\/\/edu-profit.pl\/wp\/wp-json\/wp\/v2\/pages"}],"about":[{"href":"https:\/\/edu-profit.pl\/wp\/wp-json\/wp\/v2\/types\/page"}],"author":[{"embeddable":true,"href":"https:\/\/edu-profit.pl\/wp\/wp-json\/wp\/v2\/users\/1"}],"replies":[{"embeddable":true,"href":"https:\/\/edu-profit.pl\/wp\/wp-json\/wp\/v2\/comments?post=11"}],"version-history":[{"count":1,"href":"https:\/\/edu-profit.pl\/wp\/wp-json\/wp\/v2\/pages\/11\/revisions"}],"predecessor-version":[{"id":96,"href":"https:\/\/edu-profit.pl\/wp\/wp-json\/wp\/v2\/pages\/11\/revisions\/96"}],"wp:attachment":[{"href":"https:\/\/edu-profit.pl\/wp\/wp-json\/wp\/v2\/media?parent=11"}],"curies":[{"name":"wp","href":"https:\/\/api.w.org\/{rel}","templated":true}]}}